{"id":17,"date":"2016-01-20T19:01:04","date_gmt":"2016-01-20T19:01:04","guid":{"rendered":"http:\/\/crossingmedia.villa-merkel.de\/?page_id=17"},"modified":"2019-05-15T09:06:49","modified_gmt":"2019-05-15T09:06:49","slug":"dates","status":"publish","type":"page","link":"https:\/\/goodspace.villa-merkel.de\/?page_id=17","title":{"rendered":"DOWNLOADS"},"content":{"rendered":"<p>Hier finden Sie Printmaterialien zur Ausstellung zum Download:<\/p>\n<p>Here you can find printed material for the exhibition as downloads:<\/p>\n<p><strong><a href=\"http:\/\/goodspace.villa-merkel.de\/wp-content\/uploads\/2019\/05\/GS_Einladungsfaltblatt_web.pdf\" target=\"_blank\"><span style=\"text-decoration: underline;\"><br \/>\nEinladungsfaltblatt | Invitation (PDF)<\/span><\/a><\/strong><\/p>\n<p><span style=\"text-decoration: underline;\"><strong><a href=\"http:\/\/goodspace.villa-merkel.de\/wp-content\/uploads\/2019\/05\/GS_Kurzfuehrer2019.pdf\" target=\"_blank\">Kurzf\u00fchrer | Shortguide (PDF)<\/a><\/strong><\/span><\/p>\n<p>Galeriechef Andreas Baur erl\u00e4utert die Schau, die im Viererteam konzipiert wurde.<br \/>\nDie Fragen stellt Petra Mostbacher-Dix f\u00fcr das Stuttgarter Magazin SuR (Heft 52, Sommer 2019).<strong><br \/>\n<span style=\"text-decoration: underline;\"><a href=\"http:\/\/goodspace.villa-merkel.de\/wp-content\/uploads\/2019\/05\/SuR_Interview_Mai.pdf\" target=\"_blank\"><strong>Download-Interview (PDF).<\/strong><\/a><\/span><\/strong><\/p>\n<p>Weiteres demn\u00e4chst&#8230;<\/p>\n<p><a href=\"http:\/\/goodspace.villa-merkel.de\/wp-content\/uploads\/2016\/05\/Forschungsspaziergaenge.pdf\" target=\"_blank\"><span style=\"text-decoration: underline;\"><strong>\u00a0<\/strong><\/span><\/a><\/p>\n<p>&nbsp;<\/p>\n<p>&nbsp;<\/p>\n","protected":false},"excerpt":{"rendered":"<p>Hier finden Sie Printmaterialien zur Ausstellung zum Download: Here you can find printed material for the exhibition as downloads: Einladungsfaltblatt | Invitation (PDF) Kurzf\u00fchrer | Shortguide (PDF) Galeriechef Andreas Baur erl\u00e4utert die Schau, die im Viererteam konzipiert wurde. Die Fragen stellt Petra Mostbacher-Dix f\u00fcr das Stuttgarter Magazin SuR (Heft 52, Sommer 2019). Download-Interview (PDF). Weiteres [&hellip;]<\/p>\n","protected":false},"author":1,"featured_media":0,"parent":0,"menu_order":0,"comment_status":"closed","ping_status":"closed","template":"","meta":[],"_links":{"self":[{"href":"https:\/\/goodspace.villa-merkel.de\/index.php?rest_route=\/wp\/v2\/pages\/17"}],"collection":[{"href":"https:\/\/goodspace.villa-merkel.de\/index.php?rest_route=\/wp\/v2\/pages"}],"about":[{"href":"https:\/\/goodspace.villa-merkel.de\/index.php?rest_route=\/wp\/v2\/types\/page"}],"author":[{"embeddable":true,"href":"https:\/\/goodspace.villa-merkel.de\/index.php?rest_route=\/wp\/v2\/users\/1"}],"replies":[{"embeddable":true,"href":"https:\/\/goodspace.villa-merkel.de\/index.php?rest_route=%2Fwp%2Fv2%2Fcomments&post=17"}],"version-history":[{"count":33,"href":"https:\/\/goodspace.villa-merkel.de\/index.php?rest_route=\/wp\/v2\/pages\/17\/revisions"}],"predecessor-version":[{"id":1425,"href":"https:\/\/goodspace.villa-merkel.de\/index.php?rest_route=\/wp\/v2\/pages\/17\/revisions\/1425"}],"wp:attachment":[{"href":"https:\/\/goodspace.villa-merkel.de\/index.php?rest_route=%2Fwp%2Fv2%2Fmedia&parent=17"}],"curies":[{"name":"wp","href":"https:\/\/api.w.org\/{rel}","templated":true}]}}