{"id":19,"date":"2016-01-20T19:25:23","date_gmt":"2016-01-20T19:25:23","guid":{"rendered":"http:\/\/crossingmedia.villa-merkel.de\/?page_id=19"},"modified":"2019-05-21T16:03:36","modified_gmt":"2019-05-21T16:03:36","slug":"sponsors","status":"publish","type":"page","link":"https:\/\/goodspace.villa-merkel.de\/?page_id=19","title":{"rendered":"SPONSORS"},"content":{"rendered":"<p><em><strong>GOOD SPACE \u2013 COMMUNITIES, ODER DAS VERSPRECHEN VON GL\u00dcCK<\/strong><\/em>\u00a0wurde durch die Zusammenarbeit mit vielen Partnern, Institutionen, Galerien und Sammlungen m\u00f6glich. Ihnen allen gilt unser Dank. F\u00fcr gro\u00dfz\u00fcgige F\u00f6rderung des Projekts geht besonderer Dank an die <a href=\"https:\/\/www.bwstiftung.de\/startseite\/\" target=\"_blank\">Baden-W\u00fcrttemberg Stiftung<\/a>; das <a href=\"https:\/\/mwk.baden-wuerttemberg.de\/de\/startseite\/\" target=\"_blank\">Ministerium f\u00fcr Wissenschaft, Forschung und Kunst Baden-W\u00fcrttemberg<\/a>; den <a href=\"https:\/\/www.mondriaanfonds.nl\/\" target=\"_blank\">Mondriaan Fund<\/a>; die <a href=\"https:\/\/www.esslingen-marketing.de\/\" target=\"_blank\">Stadtmarketing und Tourismus GmbH Esslingen<\/a>; die <a href=\"https:\/\/www.ksk-es.de\" target=\"_blank\">Kreissparkasse Esslingen-N\u00fcrtingen<\/a>; die <a href=\"https:\/\/prohelvetia.ch\" target=\"_blank\">Schweizer Kulturstiftung Pro Helvetia<\/a>; die <a href=\"http:\/\/www.swe.de\/\" target=\"_blank\">Stadtwerke Esslingen<\/a>; die <a href=\"http:\/\/www.zukunftsstiftung.de\/\" target=\"_blank\">ZukunftsStiftung Heinz Weiler<\/a>;<br \/>\n<a href=\"https:\/\/galeriewolff.com\/\" target=\"_blank\">Galerie Jocelyn Wolff<\/a>; <a href=\"https:\/\/www.randgruppe.org\" target=\"_blank\">Randgruppe, B\u00fcro f\u00fcr Konzeption, Gestaltung &amp; holistische Kulturkommunikation<\/a>; <a href=\"https:\/\/www.rosspartner.de\/\" target=\"_blank\">Rosspartner<\/a> sowie die <a href=\"https:\/\/www.enbw.com\/\" target=\"_blank\">EnBW<\/a>\/<a href=\"https:\/\/www.netze-bw.de\/\" target=\"_blank\">Netze BW<\/a>. Ebenso gilt Dank dem Medienpartner <a href=\"http:\/\/www.esslinger-zeitung.de\/\" target=\"_blank\">E\u00dflinger Zeitung<\/a>. Nicht zuletzt gilt unser Dank dem Eigner der EAW Hallen daf\u00fcr, die Location zug\u00e4nglich gemacht zu haben.<\/p>\n<p>&nbsp;<\/p>\n<hr \/>\n<p><em><strong><br \/>\n<\/strong><\/em><strong><em>GOOD SPACE \u2014 COMMUNITIES, OR THE PROMISE OF HAPPINESS <\/em><\/strong>was made possible through the cooperation of many partners, institutions, galleries and collections. We would like to address our acknowledgements to all of them. For generous support we would like to express our profound gratitude to the <a href=\"https:\/\/www.bwstiftung.de\/startseite\/\" target=\"_blank\">Baden-W\u00fcrttemberg Stiftung<\/a>; the <a href=\"https:\/\/mwk.baden-wuerttemberg.de\/de\/startseite\/\" target=\"_blank\">Ministerium f\u00fcr Wissenschaft, Forschung und Kunst Baden-W\u00fcrttemberg<\/a>; the <a href=\"https:\/\/www.mondriaanfonds.nl\/\" target=\"_blank\">Mondriaan Fund<\/a>; the <a href=\"https:\/\/www.esslingen-marketing.de\/\" target=\"_blank\">Stadtmarketing und Tourismus GmbH Esslingen<\/a>; the <a href=\"https:\/\/www.ksk-es.de\" target=\"_blank\">Kreissparkasse Esslingen-N\u00fcrtingen<\/a>; the <a href=\"https:\/\/prohelvetia.ch\" target=\"_blank\">Schweizer Kulturstiftung Pro Helvetia<\/a>; the <a href=\"http:\/\/www.swe.de\/\" target=\"_blank\">Stadtwerke Esslingen<\/a>; the <a href=\"http:\/\/www.zukunftsstiftung.de\/\" target=\"_blank\">ZukunftsStiftung Heinz Weiler<\/a>; <a href=\"https:\/\/galeriewolff.com\/\" target=\"_blank\">Gallery Jocelyn Wolff<\/a>; <a href=\"https:\/\/www.randgruppe.org\" target=\"_blank\">Randgruppe, B\u00fcro f\u00fcr Konzeption, Gestaltung &amp; holistische Kulturkommunikation<\/a>; <a href=\"https:\/\/www.rosspartner.de\/\" target=\"_blank\">Rosspartner<\/a> and the <a href=\"https:\/\/www.enbw.com\/\" target=\"_blank\">EnBW<\/a>\/<a href=\"https:\/\/www.netze-bw.de\/\" target=\"_blank\">Netze BW<\/a>. Thanks applies as well to the media partner E\u00dflinger Zeitung. Last but not least, our thanks go to the owner of EAW Hallen for making the location accessible.<\/p>\n<p><img loading=\"lazy\" class=\"alignnone size-full wp-image-1429\" src=\"http:\/\/goodspace.villa-merkel.de\/wp-content\/uploads\/2016\/01\/sponsoren-1.jpg\" alt=\"sponsoren\" width=\"992\" height=\"699\" data-id=\"1429\" srcset=\"https:\/\/goodspace.villa-merkel.de\/wp-content\/uploads\/2016\/01\/sponsoren-1.jpg 992w, https:\/\/goodspace.villa-merkel.de\/wp-content\/uploads\/2016\/01\/sponsoren-1-300x211.jpg 300w, https:\/\/goodspace.villa-merkel.de\/wp-content\/uploads\/2016\/01\/sponsoren-1-768x541.jpg 768w\" sizes=\"(max-width: 992px) 100vw, 992px\" \/><\/p>\n","protected":false},"excerpt":{"rendered":"<p>GOOD SPACE \u2013 COMMUNITIES, ODER DAS VERSPRECHEN VON GL\u00dcCK\u00a0wurde durch die Zusammenarbeit mit vielen Partnern, Institutionen, Galerien und Sammlungen m\u00f6glich. Ihnen allen gilt unser Dank. F\u00fcr gro\u00dfz\u00fcgige F\u00f6rderung des Projekts geht besonderer Dank an die Baden-W\u00fcrttemberg Stiftung; das Ministerium f\u00fcr Wissenschaft, Forschung und Kunst Baden-W\u00fcrttemberg; den Mondriaan Fund; die Stadtmarketing und Tourismus GmbH Esslingen; die [&hellip;]<\/p>\n","protected":false},"author":1,"featured_media":0,"parent":0,"menu_order":0,"comment_status":"closed","ping_status":"closed","template":"","meta":[],"_links":{"self":[{"href":"https:\/\/goodspace.villa-merkel.de\/index.php?rest_route=\/wp\/v2\/pages\/19"}],"collection":[{"href":"https:\/\/goodspace.villa-merkel.de\/index.php?rest_route=\/wp\/v2\/pages"}],"about":[{"href":"https:\/\/goodspace.villa-merkel.de\/index.php?rest_route=\/wp\/v2\/types\/page"}],"author":[{"embeddable":true,"href":"https:\/\/goodspace.villa-merkel.de\/index.php?rest_route=\/wp\/v2\/users\/1"}],"replies":[{"embeddable":true,"href":"https:\/\/goodspace.villa-merkel.de\/index.php?rest_route=%2Fwp%2Fv2%2Fcomments&post=19"}],"version-history":[{"count":15,"href":"https:\/\/goodspace.villa-merkel.de\/index.php?rest_route=\/wp\/v2\/pages\/19\/revisions"}],"predecessor-version":[{"id":1430,"href":"https:\/\/goodspace.villa-merkel.de\/index.php?rest_route=\/wp\/v2\/pages\/19\/revisions\/1430"}],"wp:attachment":[{"href":"https:\/\/goodspace.villa-merkel.de\/index.php?rest_route=%2Fwp%2Fv2%2Fmedia&parent=19"}],"curies":[{"name":"wp","href":"https:\/\/api.w.org\/{rel}","templated":true}]}}